{"id":217,"date":"2020-08-10T17:09:22","date_gmt":"2020-08-10T20:09:22","guid":{"rendered":"https:\/\/portfolio.sitedeartista.com.br\/sobreasombra\/?page_id=217"},"modified":"2020-08-18T19:04:10","modified_gmt":"2020-08-18T22:04:10","slug":"marisol-ribeiro","status":"publish","type":"page","link":"https:\/\/portfolio.sitedeartista.com.br\/sobreasombra\/marisol-ribeiro\/","title":{"rendered":"Marisol Ribeiro"},"content":{"rendered":"\n<div class=\"wp-block-media-text alignwide is-stacked-on-mobile is-vertically-aligned-top\"><figure class=\"wp-block-media-text__media\"><img decoding=\"async\" src=\"https:\/\/portfolio.sitedeartista.com.br\/sobreasombra\/wp-content\/uploads\/sites\/10\/2020\/08\/Foto-perfilMarisolRibeiro.png\" alt=\"\" class=\"wp-image-199\" \/><\/figure><div class=\"wp-block-media-text__content\">\n<div style=\"height:20px\" aria-hidden=\"true\" class=\"wp-block-spacer\"><\/div>\n\n\n\n<h1 class=\"has-text-color has-text-align-center wp-block-heading\" style=\"color:#efac39\">Marisol Ribeiro<\/h1>\n\n\n\n<div style=\"height:20px\" aria-hidden=\"true\" class=\"wp-block-spacer\"><\/div>\n\n\n\n<p class=\"has-medium-font-size\">Vencedora do pr\u00eamio de melhor atriz do Festival de Cinema de Recife, a tamb\u00e9m terapeuta. <\/p>\n\n\n\n<p class=\"has-medium-font-size\">A autora nos convida a acompanh\u00e1-la nessa viagem poss\u00edvel pela repeti\u00e7\u00e3o que nos assombra, em vida e na morte.<\/p>\n\n\n\n<ul class=\"wp-block-social-links is-layout-flex wp-block-social-links-is-layout-flex\"><li class=\"wp-social-link wp-social-link-mail  wp-block-social-link\"><a href=\"#\" class=\"wp-block-social-link-anchor\"><svg width=\"24\" height=\"24\" viewBox=\"0 0 24 24\" version=\"1.1\" xmlns=\"http:\/\/www.w3.org\/2000\/svg\" aria-hidden=\"true\" focusable=\"false\"><path d=\"M19,5H5c-1.1,0-2,.9-2,2v10c0,1.1.9,2,2,2h14c1.1,0,2-.9,2-2V7c0-1.1-.9-2-2-2zm.5,12c0,.3-.2.5-.5.5H5c-.3,0-.5-.2-.5-.5V9.8l7.5,5.6,7.5-5.6V17zm0-9.1L12,13.6,4.5,7.9V7c0-.3.2-.5.5-.5h14c.3,0,.5.2.5.5v.9z\"><\/path><\/svg><span class=\"wp-block-social-link-label screen-reader-text\">E-mail<\/span><\/a><\/li>\n\n<li class=\"wp-social-link wp-social-link-facebook  wp-block-social-link\"><a href=\"#\" class=\"wp-block-social-link-anchor\"><svg width=\"24\" height=\"24\" viewBox=\"0 0 24 24\" version=\"1.1\" xmlns=\"http:\/\/www.w3.org\/2000\/svg\" aria-hidden=\"true\" focusable=\"false\"><path d=\"M12 2C6.5 2 2 6.5 2 12c0 5 3.7 9.1 8.4 9.9v-7H7.9V12h2.5V9.8c0-2.5 1.5-3.9 3.8-3.9 1.1 0 2.2.2 2.2.2v2.5h-1.3c-1.2 0-1.6.8-1.6 1.6V12h2.8l-.4 2.9h-2.3v7C18.3 21.1 22 17 22 12c0-5.5-4.5-10-10-10z\"><\/path><\/svg><span class=\"wp-block-social-link-label screen-reader-text\">Facebook<\/span><\/a><\/li>\n\n<li class=\"wp-social-link wp-social-link-instagram  wp-block-social-link\"><a href=\"#\" class=\"wp-block-social-link-anchor\"><svg width=\"24\" height=\"24\" viewBox=\"0 0 24 24\" version=\"1.1\" xmlns=\"http:\/\/www.w3.org\/2000\/svg\" aria-hidden=\"true\" focusable=\"false\"><path d=\"M12,4.622c2.403,0,2.688,0.009,3.637,0.052c0.877,0.04,1.354,0.187,1.671,0.31c0.42,0.163,0.72,0.358,1.035,0.673 c0.315,0.315,0.51,0.615,0.673,1.035c0.123,0.317,0.27,0.794,0.31,1.671c0.043,0.949,0.052,1.234,0.052,3.637 s-0.009,2.688-0.052,3.637c-0.04,0.877-0.187,1.354-0.31,1.671c-0.163,0.42-0.358,0.72-0.673,1.035 c-0.315,0.315-0.615,0.51-1.035,0.673c-0.317,0.123-0.794,0.27-1.671,0.31c-0.949,0.043-1.233,0.052-3.637,0.052 s-2.688-0.009-3.637-0.052c-0.877-0.04-1.354-0.187-1.671-0.31c-0.42-0.163-0.72-0.358-1.035-0.673 c-0.315-0.315-0.51-0.615-0.673-1.035c-0.123-0.317-0.27-0.794-0.31-1.671C4.631,14.688,4.622,14.403,4.622,12 s0.009-2.688,0.052-3.637c0.04-0.877,0.187-1.354,0.31-1.671c0.163-0.42,0.358-0.72,0.673-1.035 c0.315-0.315,0.615-0.51,1.035-0.673c0.317-0.123,0.794-0.27,1.671-0.31C9.312,4.631,9.597,4.622,12,4.622 M12,3 C9.556,3,9.249,3.01,8.289,3.054C7.331,3.098,6.677,3.25,6.105,3.472C5.513,3.702,5.011,4.01,4.511,4.511 c-0.5,0.5-0.808,1.002-1.038,1.594C3.25,6.677,3.098,7.331,3.054,8.289C3.01,9.249,3,9.556,3,12c0,2.444,0.01,2.751,0.054,3.711 c0.044,0.958,0.196,1.612,0.418,2.185c0.23,0.592,0.538,1.094,1.038,1.594c0.5,0.5,1.002,0.808,1.594,1.038 c0.572,0.222,1.227,0.375,2.185,0.418C9.249,20.99,9.556,21,12,21s2.751-0.01,3.711-0.054c0.958-0.044,1.612-0.196,2.185-0.418 c0.592-0.23,1.094-0.538,1.594-1.038c0.5-0.5,0.808-1.002,1.038-1.594c0.222-0.572,0.375-1.227,0.418-2.185 C20.99,14.751,21,14.444,21,12s-0.01-2.751-0.054-3.711c-0.044-0.958-0.196-1.612-0.418-2.185c-0.23-0.592-0.538-1.094-1.038-1.594 c-0.5-0.5-1.002-0.808-1.594-1.038c-0.572-0.222-1.227-0.375-2.185-0.418C14.751,3.01,14.444,3,12,3L12,3z M12,7.378 c-2.552,0-4.622,2.069-4.622,4.622S9.448,16.622,12,16.622s4.622-2.069,4.622-4.622S14.552,7.378,12,7.378z M12,15 c-1.657,0-3-1.343-3-3s1.343-3,3-3s3,1.343,3,3S13.657,15,12,15z M16.804,6.116c-0.596,0-1.08,0.484-1.08,1.08 s0.484,1.08,1.08,1.08c0.596,0,1.08-0.484,1.08-1.08S17.401,6.116,16.804,6.116z\"><\/path><\/svg><span class=\"wp-block-social-link-label screen-reader-text\">Instagram<\/span><\/a><\/li>\n\n<li class=\"wp-social-link wp-social-link-amazon  wp-block-social-link\"><a href=\"#\" class=\"wp-block-social-link-anchor\"><svg width=\"24\" height=\"24\" viewBox=\"0 0 24 24\" version=\"1.1\" xmlns=\"http:\/\/www.w3.org\/2000\/svg\" aria-hidden=\"true\" focusable=\"false\"><path d=\"M13.582,8.182C11.934,8.367,9.78,8.49,8.238,9.166c-1.781,0.769-3.03,2.337-3.03,4.644 c0,2.953,1.86,4.429,4.253,4.429c2.02,0,3.125-0.477,4.685-2.065c0.516,0.747,0.685,1.109,1.629,1.894 c0.212,0.114,0.483,0.103,0.672-0.066l0.006,0.006c0.567-0.505,1.599-1.401,2.18-1.888c0.231-0.188,0.19-0.496,0.009-0.754 c-0.52-0.718-1.072-1.303-1.072-2.634V8.305c0-1.876,0.133-3.599-1.249-4.891C15.23,2.369,13.422,2,12.04,2 C9.336,2,6.318,3.01,5.686,6.351C5.618,6.706,5.877,6.893,6.109,6.945l2.754,0.298C9.121,7.23,9.308,6.977,9.357,6.72 c0.236-1.151,1.2-1.706,2.284-1.706c0.584,0,1.249,0.215,1.595,0.738c0.398,0.584,0.346,1.384,0.346,2.061V8.182z M13.049,14.088 c-0.451,0.8-1.169,1.291-1.967,1.291c-1.09,0-1.728-0.83-1.728-2.061c0-2.42,2.171-2.86,4.227-2.86v0.615 C13.582,12.181,13.608,13.104,13.049,14.088z M20.683,19.339C18.329,21.076,14.917,22,11.979,22c-4.118,0-7.826-1.522-10.632-4.057 c-0.22-0.199-0.024-0.471,0.241-0.317c3.027,1.762,6.771,2.823,10.639,2.823c2.608,0,5.476-0.541,8.115-1.66 C20.739,18.62,21.072,19.051,20.683,19.339z M21.336,21.043c-0.194,0.163-0.379,0.076-0.293-0.139 c0.284-0.71,0.92-2.298,0.619-2.684c-0.301-0.386-1.99-0.183-2.749-0.092c-0.23,0.027-0.266-0.173-0.059-0.319 c1.348-0.946,3.555-0.673,3.811-0.356C22.925,17.773,22.599,19.986,21.336,21.043z\"><\/path><\/svg><span class=\"wp-block-social-link-label screen-reader-text\">Amazon<\/span><\/a><\/li><\/ul>\n<\/div><\/div>\n\n\n\n<p>Sinopse:<\/p>\n\n\n\n<p class=\"has-medium-font-size\"><em>A \u00faltima esta\u00e7\u00e3o<\/em>, a hist\u00f3ria de uma menina que se v\u00ea num trem para Paranapiacaba, lan\u00e7a uma instigante pergunta: o que acontece com as pessoas que perderam a sanidade antes de morrer?<\/p>\n\n\n\n<div style=\"height:40px\" aria-hidden=\"true\" class=\"wp-block-spacer\"><\/div>\n\n\n\n<h2 class=\"titulo-autor wp-block-heading\">Minhas Publica\u00e7\u00f5es<\/h2>\n\n\n<ul class=\"wp-block-latest-posts__list is-grid columns-3 has-dates wp-block-latest-posts\"><li><div class=\"wp-block-latest-posts__featured-image aligncenter\"><img loading=\"lazy\" decoding=\"async\" width=\"228\" height=\"300\" src=\"https:\/\/portfolio.sitedeartista.com.br\/sobreasombra\/wp-content\/uploads\/sites\/10\/2020\/08\/Ex-Libris_Sol1-228x300.png\" class=\"attachment-medium size-medium wp-post-image\" alt=\"\" style=\"\" srcset=\"https:\/\/portfolio.sitedeartista.com.br\/sobreasombra\/wp-content\/uploads\/sites\/10\/2020\/08\/Ex-Libris_Sol1-228x300.png 228w, https:\/\/portfolio.sitedeartista.com.br\/sobreasombra\/wp-content\/uploads\/sites\/10\/2020\/08\/Ex-Libris_Sol1.png 300w\" sizes=\"auto, (max-width: 228px) 100vw, 228px\" \/><\/div><a class=\"wp-block-latest-posts__post-title\" href=\"https:\/\/portfolio.sitedeartista.com.br\/sobreasombra\/marisol-ribeiro\/um-outro-post-de-exemplo\/\">A \u00faltima esta\u00e7\u00e3o: Sem assunto 1<\/a><time datetime=\"2020-08-11T12:53:40-03:00\" class=\"wp-block-latest-posts__post-date\">11 de agosto de 2020<\/time><div class=\"wp-block-latest-posts__post-excerpt\">\u00a0A \u00faltima esta\u00e7\u00e3o, a hist\u00f3ria de uma menina que se v\u00ea num trem para Paranapiacaba, lan\u00e7a uma instigante pergunta: o que acontece com as pessoas que perderam a sanidade antes de morrer? Vencedora do pr\u00eamio de melhor atriz do Festival de Cinema de Recife, a tamb\u00e9m terapeuta Marisol Ribeiro nos convida a acompanh\u00e1-la nessa viagem &#8230; <a title=\"A \u00faltima esta\u00e7\u00e3o: Sem assunto 1\" class=\"read-more\" href=\"https:\/\/portfolio.sitedeartista.com.br\/sobreasombra\/marisol-ribeiro\/um-outro-post-de-exemplo\/\" aria-label=\"Read more about A \u00faltima esta\u00e7\u00e3o: Sem assunto 1\">Ler mais<\/a><\/div><\/li>\n<\/ul>","protected":false},"excerpt":{"rendered":"<p>Sinopse: A \u00faltima esta\u00e7\u00e3o, a hist\u00f3ria de uma menina que se v\u00ea num trem para Paranapiacaba, lan\u00e7a uma instigante pergunta: o que acontece com as pessoas que perderam a sanidade antes de morrer? Minhas Publica\u00e7\u00f5es<\/p>\n","protected":false},"author":1,"featured_media":0,"parent":0,"menu_order":0,"comment_status":"closed","ping_status":"closed","template":"","meta":{"footnotes":""},"class_list":["post-217","page","type-page","status-publish"],"_links":{"self":[{"href":"https:\/\/portfolio.sitedeartista.com.br\/sobreasombra\/wp-json\/wp\/v2\/pages\/217","targetHints":{"allow":["GET"]}}],"collection":[{"href":"https:\/\/portfolio.sitedeartista.com.br\/sobreasombra\/wp-json\/wp\/v2\/pages"}],"about":[{"href":"https:\/\/portfolio.sitedeartista.com.br\/sobreasombra\/wp-json\/wp\/v2\/types\/page"}],"author":[{"embeddable":true,"href":"https:\/\/portfolio.sitedeartista.com.br\/sobreasombra\/wp-json\/wp\/v2\/users\/1"}],"replies":[{"embeddable":true,"href":"https:\/\/portfolio.sitedeartista.com.br\/sobreasombra\/wp-json\/wp\/v2\/comments?post=217"}],"version-history":[{"count":14,"href":"https:\/\/portfolio.sitedeartista.com.br\/sobreasombra\/wp-json\/wp\/v2\/pages\/217\/revisions"}],"predecessor-version":[{"id":555,"href":"https:\/\/portfolio.sitedeartista.com.br\/sobreasombra\/wp-json\/wp\/v2\/pages\/217\/revisions\/555"}],"wp:attachment":[{"href":"https:\/\/portfolio.sitedeartista.com.br\/sobreasombra\/wp-json\/wp\/v2\/media?parent=217"}],"curies":[{"name":"wp","href":"https:\/\/api.w.org\/{rel}","templated":true}]}}