{"id":532,"date":"2020-08-18T11:31:00","date_gmt":"2020-08-18T14:31:00","guid":{"rendered":"https:\/\/portfolio.sitedeartista.com.br\/sobreasombra\/?page_id=532"},"modified":"2020-08-18T18:56:42","modified_gmt":"2020-08-18T21:56:42","slug":"quem-somos","status":"publish","type":"page","link":"https:\/\/portfolio.sitedeartista.com.br\/sobreasombra\/quem-somos\/","title":{"rendered":"Quem Somos"},"content":{"rendered":"\n<div class=\"wp-block-columns is-layout-flex wp-container-core-columns-is-layout-9d6595d7 wp-block-columns-is-layout-flex\">\n<div class=\"wp-block-column is-layout-flow wp-block-column-is-layout-flow\">\n<h2 class=\"wp-block-heading\"><strong>As Hist\u00f3rias<\/strong><\/h2>\n\n\n\n<p>A cada dia da semana, um autor diferente, publica mais um capitulo sombrio de sua hist\u00f3ria. <\/p>\n\n\n\n<p><\/p>\n<\/div>\n\n\n\n<div class=\"wp-block-column is-layout-flow wp-block-column-is-layout-flow\">\n<figure class=\"wp-block-image size-large\"><a href=\"https:\/\/portfolio.sitedeartista.com.br\/sobreasombra\/filipe-de-campos-ribeiro\/\"><img loading=\"lazy\" decoding=\"async\" width=\"300\" height=\"394\" src=\"https:\/\/portfolio.sitedeartista.com.br\/sobreasombra\/wp-content\/uploads\/sites\/10\/2020\/08\/Ex-Libris_Filipe-1.png\" alt=\"\" class=\"wp-image-478\" srcset=\"https:\/\/portfolio.sitedeartista.com.br\/sobreasombra\/wp-content\/uploads\/sites\/10\/2020\/08\/Ex-Libris_Filipe-1.png 300w, https:\/\/portfolio.sitedeartista.com.br\/sobreasombra\/wp-content\/uploads\/sites\/10\/2020\/08\/Ex-Libris_Filipe-1-228x300.png 228w\" sizes=\"auto, (max-width: 300px) 100vw, 300px\" \/><\/a><figcaption>Domingo:<a href=\"https:\/\/portfolio.sitedeartista.com.br\/sobreasombra\/filipe-de-campos-ribeiro\/\"> Sou Fr\u00e1gil. Marque-me de Vermelho<\/a><br><strong>Filipe de Campos Ribeiro<\/strong><\/figcaption><\/figure>\n\n\n\n<p><\/p>\n<\/div>\n\n\n\n<div class=\"wp-block-column is-layout-flow wp-block-column-is-layout-flow\">\n<figure class=\"wp-block-image size-large\"><a href=\"https:\/\/portfolio.sitedeartista.com.br\/sobreasombra\/paula-febbe\/\"><img loading=\"lazy\" decoding=\"async\" width=\"300\" height=\"394\" src=\"https:\/\/portfolio.sitedeartista.com.br\/sobreasombra\/wp-content\/uploads\/sites\/10\/2020\/08\/Ex-Libris_Paula.png\" alt=\"\" class=\"wp-image-317\" srcset=\"https:\/\/portfolio.sitedeartista.com.br\/sobreasombra\/wp-content\/uploads\/sites\/10\/2020\/08\/Ex-Libris_Paula.png 300w, https:\/\/portfolio.sitedeartista.com.br\/sobreasombra\/wp-content\/uploads\/sites\/10\/2020\/08\/Ex-Libris_Paula-228x300.png 228w\" sizes=\"auto, (max-width: 300px) 100vw, 300px\" \/><\/a><figcaption>Segunda: <a href=\"https:\/\/portfolio.sitedeartista.com.br\/sobreasombra\/paula-febbe\/\">O Frio de Julho<\/a><br><strong>Paula Febbe<\/strong><\/figcaption><\/figure>\n\n\n\n<p><\/p>\n<\/div>\n\n\n\n<div class=\"wp-block-column is-layout-flow wp-block-column-is-layout-flow\">\n<figure class=\"wp-block-image size-large\"><a href=\"https:\/\/portfolio.sitedeartista.com.br\/sobreasombra\/rodrigo-romani\/\"><img loading=\"lazy\" decoding=\"async\" width=\"300\" height=\"394\" src=\"https:\/\/portfolio.sitedeartista.com.br\/sobreasombra\/wp-content\/uploads\/sites\/10\/2020\/08\/Ex-Libris_Rodrigo.png\" alt=\"\" class=\"wp-image-314\" srcset=\"https:\/\/portfolio.sitedeartista.com.br\/sobreasombra\/wp-content\/uploads\/sites\/10\/2020\/08\/Ex-Libris_Rodrigo.png 300w, https:\/\/portfolio.sitedeartista.com.br\/sobreasombra\/wp-content\/uploads\/sites\/10\/2020\/08\/Ex-Libris_Rodrigo-228x300.png 228w\" sizes=\"auto, (max-width: 300px) 100vw, 300px\" \/><\/a><figcaption>Ter\u00e7a: <a href=\"https:\/\/portfolio.sitedeartista.com.br\/sobreasombra\/rodrigo-romani\/\">O Frio de Julho<\/a><br><strong>Rodrigo Romani<\/strong><\/figcaption><\/figure>\n<\/div>\n<\/div>\n\n\n\n<div style=\"height:20px\" aria-hidden=\"true\" class=\"wp-block-spacer\"><\/div>\n\n\n\n<div class=\"wp-block-columns is-layout-flex wp-container-core-columns-is-layout-9d6595d7 wp-block-columns-is-layout-flex\">\n<div class=\"wp-block-column is-layout-flow wp-block-column-is-layout-flow\">\n<figure class=\"wp-block-image size-large\"><a href=\"https:\/\/portfolio.sitedeartista.com.br\/sobreasombra\/thassio-rodriguez-capranera\/\"><img loading=\"lazy\" decoding=\"async\" width=\"300\" height=\"394\" src=\"https:\/\/portfolio.sitedeartista.com.br\/sobreasombra\/wp-content\/uploads\/sites\/10\/2020\/08\/Ex-Libris_Thassio.png\" alt=\"\" class=\"wp-image-477\" srcset=\"https:\/\/portfolio.sitedeartista.com.br\/sobreasombra\/wp-content\/uploads\/sites\/10\/2020\/08\/Ex-Libris_Thassio.png 300w, https:\/\/portfolio.sitedeartista.com.br\/sobreasombra\/wp-content\/uploads\/sites\/10\/2020\/08\/Ex-Libris_Thassio-228x300.png 228w\" sizes=\"auto, (max-width: 300px) 100vw, 300px\" \/><\/a><figcaption>Quarta: <a href=\"https:\/\/portfolio.sitedeartista.com.br\/sobreasombra\/thassio-rodriguez-capranera\/\">A Casa das Rom\u00e3s<\/a><br><strong> Tassio Rodriquez Capranera<\/strong><\/figcaption><\/figure>\n\n\n\n<p><\/p>\n<\/div>\n\n\n\n<div class=\"wp-block-column is-layout-flow wp-block-column-is-layout-flow\">\n<div class=\"wp-block-image\"><figure class=\"aligncenter size-large\"><a href=\"https:\/\/portfolio.sitedeartista.com.br\/sobreasombra\/ana-luiza-savassi\/\"><img loading=\"lazy\" decoding=\"async\" width=\"300\" height=\"394\" src=\"https:\/\/portfolio.sitedeartista.com.br\/sobreasombra\/wp-content\/uploads\/sites\/10\/2020\/08\/Ex-Libris_Ana.png\" alt=\"\" class=\"wp-image-479\" srcset=\"https:\/\/portfolio.sitedeartista.com.br\/sobreasombra\/wp-content\/uploads\/sites\/10\/2020\/08\/Ex-Libris_Ana.png 300w, https:\/\/portfolio.sitedeartista.com.br\/sobreasombra\/wp-content\/uploads\/sites\/10\/2020\/08\/Ex-Libris_Ana-228x300.png 228w\" sizes=\"auto, (max-width: 300px) 100vw, 300px\" \/><\/a><figcaption>Quinta: <a href=\"https:\/\/portfolio.sitedeartista.com.br\/sobreasombra\/ana-luiza-savassi\/\">Som Sem Sombras<\/a><br><strong>Ana Luiza Savassi<\/strong><\/figcaption><\/figure><\/div>\n<\/div>\n\n\n\n<div class=\"wp-block-column is-layout-flow wp-block-column-is-layout-flow\">\n<div class=\"wp-block-image\"><figure class=\"aligncenter size-large\"><a href=\"https:\/\/portfolio.sitedeartista.com.br\/sobreasombra\/moacir-novaes\/\"><img loading=\"lazy\" decoding=\"async\" width=\"300\" height=\"394\" src=\"https:\/\/portfolio.sitedeartista.com.br\/sobreasombra\/wp-content\/uploads\/sites\/10\/2020\/08\/Ex-Libris_Moacir.png\" alt=\"\" class=\"wp-image-476\" srcset=\"https:\/\/portfolio.sitedeartista.com.br\/sobreasombra\/wp-content\/uploads\/sites\/10\/2020\/08\/Ex-Libris_Moacir.png 300w, https:\/\/portfolio.sitedeartista.com.br\/sobreasombra\/wp-content\/uploads\/sites\/10\/2020\/08\/Ex-Libris_Moacir-228x300.png 228w\" sizes=\"auto, (max-width: 300px) 100vw, 300px\" \/><\/a><figcaption>Sexta: <a href=\"https:\/\/portfolio.sitedeartista.com.br\/sobreasombra\/moacir-novaes\/\">B\u00fafalo<\/a><br><strong> Moacir Novaes<\/strong><\/figcaption><\/figure><\/div>\n\n\n\n<p><\/p>\n<\/div>\n\n\n\n<div class=\"wp-block-column is-layout-flow wp-block-column-is-layout-flow\">\n<figure class=\"wp-block-image size-large\"><a href=\"https:\/\/portfolio.sitedeartista.com.br\/sobreasombra\/marisol-ribeiro\/\"><img loading=\"lazy\" decoding=\"async\" width=\"300\" height=\"394\" src=\"https:\/\/portfolio.sitedeartista.com.br\/sobreasombra\/wp-content\/uploads\/sites\/10\/2020\/08\/Ex-Libris_Sol1.png\" alt=\"\" class=\"wp-image-482\" srcset=\"https:\/\/portfolio.sitedeartista.com.br\/sobreasombra\/wp-content\/uploads\/sites\/10\/2020\/08\/Ex-Libris_Sol1.png 300w, https:\/\/portfolio.sitedeartista.com.br\/sobreasombra\/wp-content\/uploads\/sites\/10\/2020\/08\/Ex-Libris_Sol1-228x300.png 228w\" sizes=\"auto, (max-width: 300px) 100vw, 300px\" \/><\/a><figcaption>S\u00e1bado: <a href=\"https:\/\/portfolio.sitedeartista.com.br\/sobreasombra\/marisol-ribeiro\/\">A \u00daltima Esta\u00e7\u00e3o<\/a><br><strong>Marisol Ribeiro<\/strong><\/figcaption><\/figure>\n<\/div>\n<\/div>\n","protected":false},"excerpt":{"rendered":"<p>As Hist\u00f3rias A cada dia da semana, um autor diferente, publica mais um capitulo sombrio de sua hist\u00f3ria.<\/p>\n","protected":false},"author":1,"featured_media":0,"parent":0,"menu_order":0,"comment_status":"closed","ping_status":"closed","template":"","meta":{"footnotes":""},"class_list":["post-532","page","type-page","status-publish"],"_links":{"self":[{"href":"https:\/\/portfolio.sitedeartista.com.br\/sobreasombra\/wp-json\/wp\/v2\/pages\/532","targetHints":{"allow":["GET"]}}],"collection":[{"href":"https:\/\/portfolio.sitedeartista.com.br\/sobreasombra\/wp-json\/wp\/v2\/pages"}],"about":[{"href":"https:\/\/portfolio.sitedeartista.com.br\/sobreasombra\/wp-json\/wp\/v2\/types\/page"}],"author":[{"embeddable":true,"href":"https:\/\/portfolio.sitedeartista.com.br\/sobreasombra\/wp-json\/wp\/v2\/users\/1"}],"replies":[{"embeddable":true,"href":"https:\/\/portfolio.sitedeartista.com.br\/sobreasombra\/wp-json\/wp\/v2\/comments?post=532"}],"version-history":[{"count":3,"href":"https:\/\/portfolio.sitedeartista.com.br\/sobreasombra\/wp-json\/wp\/v2\/pages\/532\/revisions"}],"predecessor-version":[{"id":547,"href":"https:\/\/portfolio.sitedeartista.com.br\/sobreasombra\/wp-json\/wp\/v2\/pages\/532\/revisions\/547"}],"wp:attachment":[{"href":"https:\/\/portfolio.sitedeartista.com.br\/sobreasombra\/wp-json\/wp\/v2\/media?parent=532"}],"curies":[{"name":"wp","href":"https:\/\/api.w.org\/{rel}","templated":true}]}}